{"id":3495,"date":"2019-07-20T13:15:22","date_gmt":"2019-07-20T18:15:22","guid":{"rendered":"https:\/\/florfashions.com\/web\/?post_type=product&#038;p=3495"},"modified":"2025-02-26T00:35:02","modified_gmt":"2025-02-26T05:35:02","slug":"globo-metalizado-med","status":"publish","type":"product","link":"https:\/\/florfashions.com\/web\/product\/globo-metalizado-med\/","title":{"rendered":"Globo metalizado med."},"content":{"rendered":"<div class=\"prod-subtitle\">Globo metalizado de 9 pulgadas, temas a escoger: te amo, feliz cumplea\u00f1os, nacimiento ni\u00f1o, nacimiento ni\u00f1a, recuperate pronto y feliz d\u00eda.<\/div>\n","protected":false},"excerpt":{"rendered":"<p>Globo metalizado de 18 pulgadas, temas a escoger: te amo, feliz cumplea\u00f1os, nacimiento ni\u00f1o, nacimiento ni\u00f1a, recuperate pronto y feliz d\u00eda.<\/p>\n","protected":false},"featured_media":3638,"template":"","meta":[],"product_brand":[],"product_cat":[107],"product_tag":[119,120,158],"class_list":{"0":"post-3495","1":"product","2":"type-product","3":"status-publish","4":"has-post-thumbnail","6":"product_cat-adicionales","7":"product_tag-globos","8":"product_tag-globos-metalizados","9":"product_tag-regalo","10":"notblog","12":"first","13":"instock","14":"taxable","15":"shipping-taxable","16":"purchasable","17":"product-type-simple"},"yoast_head":"<!-- This site is optimized with the Yoast SEO plugin v27.4 - https:\/\/yoast.com\/product\/yoast-seo-wordpress\/ -->\n<title>Globo metalizado med. &#183; FlorFashions<\/title>\n<meta name=\"description\" content=\"Hermosos Arreglos florales y arreglos frutales con servicio a domicilio en Quito.\" \/>\n<meta name=\"robots\" content=\"index, follow, max-snippet:-1, max-image-preview:large, max-video-preview:-1\" \/>\n<link rel=\"canonical\" href=\"https:\/\/florfashions.com\/web\/product\/globo-metalizado-med\/\" \/>\n<meta property=\"og:locale\" content=\"es_ES\" \/>\n<meta property=\"og:type\" content=\"article\" \/>\n<meta property=\"og:title\" content=\"Globo metalizado med. &#183; FlorFashions\" \/>\n<meta property=\"og:description\" content=\"Hermosos Arreglos florales y arreglos frutales con servicio a domicilio en Quito.\" \/>\n<meta property=\"og:url\" content=\"https:\/\/florfashions.com\/web\/product\/globo-metalizado-med\/\" \/>\n<meta property=\"og:site_name\" content=\"FlorFashions\" \/>\n<meta property=\"article:publisher\" content=\"https:\/\/www.facebook.com\/Florfashions\/\" \/>\n<meta property=\"article:modified_time\" content=\"2025-02-26T05:35:02+00:00\" \/>\n<meta property=\"og:image\" content=\"https:\/\/florfashions.com\/web\/wp-content\/uploads\/2019\/07\/3.png\" \/>\n\t<meta property=\"og:image:width\" content=\"570\" \/>\n\t<meta property=\"og:image:height\" content=\"570\" \/>\n\t<meta property=\"og:image:type\" content=\"image\/png\" \/>\n<meta name=\"twitter:card\" content=\"summary_large_image\" \/>\n<meta name=\"twitter:site\" content=\"@florfashions\" \/>\n<script type=\"application\/ld+json\" class=\"yoast-schema-graph\">{\"@context\":\"https:\\\/\\\/schema.org\",\"@graph\":[{\"@type\":\"WebPage\",\"@id\":\"https:\\\/\\\/florfashions.com\\\/web\\\/product\\\/globo-metalizado-med\\\/\",\"url\":\"https:\\\/\\\/florfashions.com\\\/web\\\/product\\\/globo-metalizado-med\\\/\",\"name\":\"Globo metalizado med. &#183; FlorFashions\",\"isPartOf\":{\"@id\":\"https:\\\/\\\/florfashions.com\\\/web\\\/#website\"},\"primaryImageOfPage\":{\"@id\":\"https:\\\/\\\/florfashions.com\\\/web\\\/product\\\/globo-metalizado-med\\\/#primaryimage\"},\"image\":{\"@id\":\"https:\\\/\\\/florfashions.com\\\/web\\\/product\\\/globo-metalizado-med\\\/#primaryimage\"},\"thumbnailUrl\":\"https:\\\/\\\/florfashions.com\\\/web\\\/wp-content\\\/uploads\\\/2019\\\/07\\\/3.png\",\"datePublished\":\"2019-07-20T18:15:22+00:00\",\"dateModified\":\"2025-02-26T05:35:02+00:00\",\"description\":\"Hermosos Arreglos florales y arreglos frutales con servicio a domicilio en Quito.\",\"breadcrumb\":{\"@id\":\"https:\\\/\\\/florfashions.com\\\/web\\\/product\\\/globo-metalizado-med\\\/#breadcrumb\"},\"inLanguage\":\"es\",\"potentialAction\":[{\"@type\":\"ReadAction\",\"target\":[\"https:\\\/\\\/florfashions.com\\\/web\\\/product\\\/globo-metalizado-med\\\/\"]}]},{\"@type\":\"ImageObject\",\"inLanguage\":\"es\",\"@id\":\"https:\\\/\\\/florfashions.com\\\/web\\\/product\\\/globo-metalizado-med\\\/#primaryimage\",\"url\":\"https:\\\/\\\/florfashions.com\\\/web\\\/wp-content\\\/uploads\\\/2019\\\/07\\\/3.png\",\"contentUrl\":\"https:\\\/\\\/florfashions.com\\\/web\\\/wp-content\\\/uploads\\\/2019\\\/07\\\/3.png\",\"width\":570,\"height\":570,\"caption\":\"regalo quito a domicilio\"},{\"@type\":\"BreadcrumbList\",\"@id\":\"https:\\\/\\\/florfashions.com\\\/web\\\/product\\\/globo-metalizado-med\\\/#breadcrumb\",\"itemListElement\":[{\"@type\":\"ListItem\",\"position\":1,\"name\":\"Portada\",\"item\":\"https:\\\/\\\/florfashions.com\\\/web\\\/\"},{\"@type\":\"ListItem\",\"position\":2,\"name\":\"Tienda\",\"item\":\"https:\\\/\\\/florfashions.com\\\/web\\\/tienda\\\/\"},{\"@type\":\"ListItem\",\"position\":3,\"name\":\"Globo metalizado med.\"}]},{\"@type\":\"WebSite\",\"@id\":\"https:\\\/\\\/florfashions.com\\\/web\\\/#website\",\"url\":\"https:\\\/\\\/florfashions.com\\\/web\\\/\",\"name\":\"Flor Fashions\",\"description\":\"Florister\u00eda en Quito con Hermosos Arreglos Florales\",\"publisher\":{\"@id\":\"https:\\\/\\\/florfashions.com\\\/web\\\/#organization\"},\"potentialAction\":[{\"@type\":\"SearchAction\",\"target\":{\"@type\":\"EntryPoint\",\"urlTemplate\":\"https:\\\/\\\/florfashions.com\\\/web\\\/?s={search_term_string}\"},\"query-input\":{\"@type\":\"PropertyValueSpecification\",\"valueRequired\":true,\"valueName\":\"search_term_string\"}}],\"inLanguage\":\"es\"},{\"@type\":\"Organization\",\"@id\":\"https:\\\/\\\/florfashions.com\\\/web\\\/#organization\",\"name\":\"Flor Fashion's\",\"alternateName\":\"Flor Fashions\",\"url\":\"https:\\\/\\\/florfashions.com\\\/web\\\/\",\"logo\":{\"@type\":\"ImageObject\",\"inLanguage\":\"es\",\"@id\":\"https:\\\/\\\/florfashions.com\\\/web\\\/#\\\/schema\\\/logo\\\/image\\\/\",\"url\":\"https:\\\/\\\/florfashions.com\\\/web\\\/wp-content\\\/uploads\\\/2024\\\/02\\\/Feliz-dia-de-la-madre.png\",\"contentUrl\":\"https:\\\/\\\/florfashions.com\\\/web\\\/wp-content\\\/uploads\\\/2024\\\/02\\\/Feliz-dia-de-la-madre.png\",\"width\":1080,\"height\":1080,\"caption\":\"Flor Fashion's\"},\"image\":{\"@id\":\"https:\\\/\\\/florfashions.com\\\/web\\\/#\\\/schema\\\/logo\\\/image\\\/\"},\"sameAs\":[\"https:\\\/\\\/www.facebook.com\\\/Florfashions\\\/\",\"https:\\\/\\\/x.com\\\/florfashions\",\"https:\\\/\\\/www.instagram.com\\\/florfashions_ec\\\/\",\"https:\\\/\\\/www.tiktok.com\\\/@florfashions\\\/\",\"https:\\\/\\\/www.linkedin.com\\\/company\\\/flor-fashions\"]}]}<\/script>\n<!-- \/ Yoast SEO plugin. -->","yoast_head_json":{"title":"Globo metalizado med. &#183; FlorFashions","description":"Hermosos Arreglos florales y arreglos frutales con servicio a domicilio en Quito.","robots":{"index":"index","follow":"follow","max-snippet":"max-snippet:-1","max-image-preview":"max-image-preview:large","max-video-preview":"max-video-preview:-1"},"canonical":"https:\/\/florfashions.com\/web\/product\/globo-metalizado-med\/","og_locale":"es_ES","og_type":"article","og_title":"Globo metalizado med. &#183; FlorFashions","og_description":"Hermosos Arreglos florales y arreglos frutales con servicio a domicilio en Quito.","og_url":"https:\/\/florfashions.com\/web\/product\/globo-metalizado-med\/","og_site_name":"FlorFashions","article_publisher":"https:\/\/www.facebook.com\/Florfashions\/","article_modified_time":"2025-02-26T05:35:02+00:00","og_image":[{"width":570,"height":570,"url":"https:\/\/florfashions.com\/web\/wp-content\/uploads\/2019\/07\/3.png","type":"image\/png"}],"twitter_card":"summary_large_image","twitter_site":"@florfashions","schema":{"@context":"https:\/\/schema.org","@graph":[{"@type":"WebPage","@id":"https:\/\/florfashions.com\/web\/product\/globo-metalizado-med\/","url":"https:\/\/florfashions.com\/web\/product\/globo-metalizado-med\/","name":"Globo metalizado med. &#183; FlorFashions","isPartOf":{"@id":"https:\/\/florfashions.com\/web\/#website"},"primaryImageOfPage":{"@id":"https:\/\/florfashions.com\/web\/product\/globo-metalizado-med\/#primaryimage"},"image":{"@id":"https:\/\/florfashions.com\/web\/product\/globo-metalizado-med\/#primaryimage"},"thumbnailUrl":"https:\/\/florfashions.com\/web\/wp-content\/uploads\/2019\/07\/3.png","datePublished":"2019-07-20T18:15:22+00:00","dateModified":"2025-02-26T05:35:02+00:00","description":"Hermosos Arreglos florales y arreglos frutales con servicio a domicilio en Quito.","breadcrumb":{"@id":"https:\/\/florfashions.com\/web\/product\/globo-metalizado-med\/#breadcrumb"},"inLanguage":"es","potentialAction":[{"@type":"ReadAction","target":["https:\/\/florfashions.com\/web\/product\/globo-metalizado-med\/"]}]},{"@type":"ImageObject","inLanguage":"es","@id":"https:\/\/florfashions.com\/web\/product\/globo-metalizado-med\/#primaryimage","url":"https:\/\/florfashions.com\/web\/wp-content\/uploads\/2019\/07\/3.png","contentUrl":"https:\/\/florfashions.com\/web\/wp-content\/uploads\/2019\/07\/3.png","width":570,"height":570,"caption":"regalo quito a domicilio"},{"@type":"BreadcrumbList","@id":"https:\/\/florfashions.com\/web\/product\/globo-metalizado-med\/#breadcrumb","itemListElement":[{"@type":"ListItem","position":1,"name":"Portada","item":"https:\/\/florfashions.com\/web\/"},{"@type":"ListItem","position":2,"name":"Tienda","item":"https:\/\/florfashions.com\/web\/tienda\/"},{"@type":"ListItem","position":3,"name":"Globo metalizado med."}]},{"@type":"WebSite","@id":"https:\/\/florfashions.com\/web\/#website","url":"https:\/\/florfashions.com\/web\/","name":"Flor Fashions","description":"Florister\u00eda en Quito con Hermosos Arreglos Florales","publisher":{"@id":"https:\/\/florfashions.com\/web\/#organization"},"potentialAction":[{"@type":"SearchAction","target":{"@type":"EntryPoint","urlTemplate":"https:\/\/florfashions.com\/web\/?s={search_term_string}"},"query-input":{"@type":"PropertyValueSpecification","valueRequired":true,"valueName":"search_term_string"}}],"inLanguage":"es"},{"@type":"Organization","@id":"https:\/\/florfashions.com\/web\/#organization","name":"Flor Fashion's","alternateName":"Flor Fashions","url":"https:\/\/florfashions.com\/web\/","logo":{"@type":"ImageObject","inLanguage":"es","@id":"https:\/\/florfashions.com\/web\/#\/schema\/logo\/image\/","url":"https:\/\/florfashions.com\/web\/wp-content\/uploads\/2024\/02\/Feliz-dia-de-la-madre.png","contentUrl":"https:\/\/florfashions.com\/web\/wp-content\/uploads\/2024\/02\/Feliz-dia-de-la-madre.png","width":1080,"height":1080,"caption":"Flor Fashion's"},"image":{"@id":"https:\/\/florfashions.com\/web\/#\/schema\/logo\/image\/"},"sameAs":["https:\/\/www.facebook.com\/Florfashions\/","https:\/\/x.com\/florfashions","https:\/\/www.instagram.com\/florfashions_ec\/","https:\/\/www.tiktok.com\/@florfashions\/","https:\/\/www.linkedin.com\/company\/flor-fashions"]}]}},"_links":{"self":[{"href":"https:\/\/florfashions.com\/web\/wp-json\/wp\/v2\/product\/3495","targetHints":{"allow":["GET"]}}],"collection":[{"href":"https:\/\/florfashions.com\/web\/wp-json\/wp\/v2\/product"}],"about":[{"href":"https:\/\/florfashions.com\/web\/wp-json\/wp\/v2\/types\/product"}],"wp:featuredmedia":[{"embeddable":true,"href":"https:\/\/florfashions.com\/web\/wp-json\/wp\/v2\/media\/3638"}],"wp:attachment":[{"href":"https:\/\/florfashions.com\/web\/wp-json\/wp\/v2\/media?parent=3495"}],"wp:term":[{"taxonomy":"product_brand","embeddable":true,"href":"https:\/\/florfashions.com\/web\/wp-json\/wp\/v2\/product_brand?post=3495"},{"taxonomy":"product_cat","embeddable":true,"href":"https:\/\/florfashions.com\/web\/wp-json\/wp\/v2\/product_cat?post=3495"},{"taxonomy":"product_tag","embeddable":true,"href":"https:\/\/florfashions.com\/web\/wp-json\/wp\/v2\/product_tag?post=3495"}],"curies":[{"name":"wp","href":"https:\/\/api.w.org\/{rel}","templated":true}]}}